{"id":139,"date":"2024-02-16T09:27:50","date_gmt":"2024-02-16T09:27:50","guid":{"rendered":"https:\/\/cneumayer.hak-digital.at\/?page_id=139"},"modified":"2024-03-08T08:28:26","modified_gmt":"2024-03-08T08:28:26","slug":"meine-leidenschaft","status":"publish","type":"page","link":"https:\/\/cneumayer.hak-digital.at\/?page_id=139","title":{"rendered":"Meine Leidenschaft"},"content":{"rendered":"\n<div class=\"wp-block-group alignfull has-accent-2-background-color has-background has-global-padding is-layout-constrained wp-block-group-is-layout-constrained\" style=\"margin-top:0;margin-bottom:0;padding-top:var(--wp--preset--spacing--50);padding-right:var(--wp--preset--spacing--50);padding-bottom:var(--wp--preset--spacing--50);padding-left:var(--wp--preset--spacing--50)\">\n<div class=\"wp-block-columns alignwide is-layout-flex wp-container-core-columns-layout-1 wp-block-columns-is-layout-flex\">\n<div class=\"wp-block-column is-layout-flow wp-block-column-is-layout-flow\" style=\"flex-basis:60%\">\n<p>Durch eine Freundin kam ich 2013 zu einer Freizeitbesch\u00e4ftigung, dich heute nicht mehr missen m\u00f6chte, ich fing mit dem Reiten an.&nbsp;<\/p>\n<p>In der Anfangszeit war es ziemlich unregelm\u00e4\u00dfig, dies \u00e4nderte sich aber ziemlich schnell. Als meine Eltern Fortschritte sahen, bekam ich meine erste Reitbeteiligung, ein damals 20-j\u00e4hriger dunkelbrauner Wallach.<\/p>\n<\/div>\n<\/div>\n\n\n\n<figure class=\"wp-block-image alignwide size-large is-style-rounded\"><img loading=\"lazy\" decoding=\"async\" width=\"1024\" height=\"682\" src=\"https:\/\/cneumayer.hak-digital.at\/wp-content\/uploads\/2024\/02\/83b0c6bc-b7d5-4e64-b605-a04dbf2e81c1-1024x682.jpg\" alt=\"\" class=\"wp-image-140\" srcset=\"https:\/\/cneumayer.hak-digital.at\/wp-content\/uploads\/2024\/02\/83b0c6bc-b7d5-4e64-b605-a04dbf2e81c1-1024x682.jpg 1024w, https:\/\/cneumayer.hak-digital.at\/wp-content\/uploads\/2024\/02\/83b0c6bc-b7d5-4e64-b605-a04dbf2e81c1-300x200.jpg 300w, https:\/\/cneumayer.hak-digital.at\/wp-content\/uploads\/2024\/02\/83b0c6bc-b7d5-4e64-b605-a04dbf2e81c1-768x512.jpg 768w, https:\/\/cneumayer.hak-digital.at\/wp-content\/uploads\/2024\/02\/83b0c6bc-b7d5-4e64-b605-a04dbf2e81c1-1536x1023.jpg 1536w, https:\/\/cneumayer.hak-digital.at\/wp-content\/uploads\/2024\/02\/83b0c6bc-b7d5-4e64-b605-a04dbf2e81c1.jpg 1600w\" sizes=\"(max-width: 1024px) 100vw, 1024px\" \/><\/figure>\n<\/div>\n\n\n\n<div class=\"wp-block-group alignfull has-base-2-color has-contrast-background-color has-text-color has-background has-link-color wp-elements-bbd1faecd586356133db9e956f533608 has-global-padding is-layout-constrained wp-block-group-is-layout-constrained\" style=\"margin-top:0;margin-bottom:0;padding-top:var(--wp--preset--spacing--50);padding-right:var(--wp--preset--spacing--50);padding-bottom:var(--wp--preset--spacing--50);padding-left:var(--wp--preset--spacing--50)\">\n<div class=\"wp-block-columns alignwide is-layout-flex wp-container-core-columns-layout-2 wp-block-columns-is-layout-flex\">\n<div class=\"wp-block-column is-vertically-aligned-stretch is-layout-flow wp-block-column-is-layout-flow\" style=\"padding-right:0;flex-basis:60%\">\n<div class=\"wp-block-group is-vertical is-content-justification-stretch is-layout-flex wp-container-core-group-layout-2 wp-block-group-is-layout-flex\" style=\"min-height:100%\">\n<figure class=\"wp-block-image size-large is-style-rounded\"><img loading=\"lazy\" decoding=\"async\" width=\"682\" height=\"1024\" src=\"https:\/\/cneumayer.hak-digital.at\/wp-content\/uploads\/2024\/02\/264c5aa7-8018-4e23-838a-bde3f5efe16d-682x1024.jpeg\" alt=\"\" class=\"wp-image-141\" style=\"aspect-ratio:9\/16;object-fit:cover\" srcset=\"https:\/\/cneumayer.hak-digital.at\/wp-content\/uploads\/2024\/02\/264c5aa7-8018-4e23-838a-bde3f5efe16d-682x1024.jpeg 682w, https:\/\/cneumayer.hak-digital.at\/wp-content\/uploads\/2024\/02\/264c5aa7-8018-4e23-838a-bde3f5efe16d-200x300.jpeg 200w, https:\/\/cneumayer.hak-digital.at\/wp-content\/uploads\/2024\/02\/264c5aa7-8018-4e23-838a-bde3f5efe16d-768x1153.jpeg 768w, https:\/\/cneumayer.hak-digital.at\/wp-content\/uploads\/2024\/02\/264c5aa7-8018-4e23-838a-bde3f5efe16d-1023x1536.jpeg 1023w, https:\/\/cneumayer.hak-digital.at\/wp-content\/uploads\/2024\/02\/264c5aa7-8018-4e23-838a-bde3f5efe16d.jpeg 1066w\" sizes=\"(max-width: 682px) 100vw, 682px\" \/><\/figure>\n\n\n\n<p class=\"has-medium-font-size\"><\/p>\n<\/div>\n<\/div>\n\n\n\n<div class=\"wp-block-column is-layout-flow wp-block-column-is-layout-flow\" style=\"flex-basis:40%\">\n<div class=\"wp-block-group has-global-padding is-layout-constrained wp-block-group-is-layout-constrained\">\n<h2 class=\"wp-block-heading\">H\u00f6hepunkt<\/h2>\n\n\n\n<div class=\"wp-block-group is-layout-flow wp-block-group-is-layout-flow\">\n<p class=\"has-medium-font-size\"><\/p>\n\n\n\n<figure class=\"wp-block-image size-large is-style-rounded\"><img loading=\"lazy\" decoding=\"async\" width=\"683\" height=\"1024\" src=\"https:\/\/cneumayer.hak-digital.at\/wp-content\/uploads\/2024\/03\/Fanja-weihnachten-rot-1-683x1024.jpeg\" alt=\"\" class=\"wp-image-160\" style=\"aspect-ratio:9\/16;object-fit:cover\" srcset=\"https:\/\/cneumayer.hak-digital.at\/wp-content\/uploads\/2024\/03\/Fanja-weihnachten-rot-1-683x1024.jpeg 683w, https:\/\/cneumayer.hak-digital.at\/wp-content\/uploads\/2024\/03\/Fanja-weihnachten-rot-1-200x300.jpeg 200w, https:\/\/cneumayer.hak-digital.at\/wp-content\/uploads\/2024\/03\/Fanja-weihnachten-rot-1-768x1151.jpeg 768w, https:\/\/cneumayer.hak-digital.at\/wp-content\/uploads\/2024\/03\/Fanja-weihnachten-rot-1-1025x1536.jpeg 1025w, https:\/\/cneumayer.hak-digital.at\/wp-content\/uploads\/2024\/03\/Fanja-weihnachten-rot-1.jpeg 1366w\" sizes=\"(max-width: 683px) 100vw, 683px\" \/><\/figure>\n<\/div>\n<\/div>\n<\/div>\n<\/div>\n<\/div>\n","protected":false},"excerpt":{"rendered":"<p>Durch eine Freundin kam ich 2013 zu einer Freizeitbesch\u00e4ftigung, dich heute nicht mehr missen m\u00f6chte, ich fing mit dem Reiten an.&nbsp; In der Anfangszeit war es ziemlich unregelm\u00e4\u00dfig, dies \u00e4nderte sich aber ziemlich schnell. Als meine Eltern Fortschritte sahen, bekam ich meine erste Reitbeteiligung, ein damals 20-j\u00e4hriger dunkelbrauner Wallach. H\u00f6hepunkt<\/p>\n","protected":false},"author":1,"featured_media":0,"parent":132,"menu_order":3,"comment_status":"closed","ping_status":"closed","template":"","meta":{"ngg_post_thumbnail":0,"footnotes":""},"_links":{"self":[{"href":"https:\/\/cneumayer.hak-digital.at\/index.php?rest_route=\/wp\/v2\/pages\/139"}],"collection":[{"href":"https:\/\/cneumayer.hak-digital.at\/index.php?rest_route=\/wp\/v2\/pages"}],"about":[{"href":"https:\/\/cneumayer.hak-digital.at\/index.php?rest_route=\/wp\/v2\/types\/page"}],"author":[{"embeddable":true,"href":"https:\/\/cneumayer.hak-digital.at\/index.php?rest_route=\/wp\/v2\/users\/1"}],"replies":[{"embeddable":true,"href":"https:\/\/cneumayer.hak-digital.at\/index.php?rest_route=%2Fwp%2Fv2%2Fcomments&post=139"}],"version-history":[{"count":5,"href":"https:\/\/cneumayer.hak-digital.at\/index.php?rest_route=\/wp\/v2\/pages\/139\/revisions"}],"predecessor-version":[{"id":170,"href":"https:\/\/cneumayer.hak-digital.at\/index.php?rest_route=\/wp\/v2\/pages\/139\/revisions\/170"}],"up":[{"embeddable":true,"href":"https:\/\/cneumayer.hak-digital.at\/index.php?rest_route=\/wp\/v2\/pages\/132"}],"wp:attachment":[{"href":"https:\/\/cneumayer.hak-digital.at\/index.php?rest_route=%2Fwp%2Fv2%2Fmedia&parent=139"}],"curies":[{"name":"wp","href":"https:\/\/api.w.org\/{rel}","templated":true}]}}