{"id":176,"date":"2024-03-08T08:35:51","date_gmt":"2024-03-08T08:35:51","guid":{"rendered":"https:\/\/cneumayer.hak-digital.at\/?page_id=176"},"modified":"2024-03-08T08:35:51","modified_gmt":"2024-03-08T08:35:51","slug":"datenschutz","status":"publish","type":"page","link":"https:\/\/cneumayer.hak-digital.at\/?page_id=176","title":{"rendered":"Datenschutz"},"content":{"rendered":"\n<p><strong>Externe Links:<\/strong><br>Die BHAK Korneuburg hat Links zu anderen Seiten im Internet gelegt. Wir weisen darauf hin, dass die BHAK Korneuburg keinerlei Einfluss auf die Gestaltung und Inhalte der gelinkten Seiten hat. Deshalb distanziert sich die BHAK Korneuburg ausdr\u00fccklich von allen Inhalten der gelinkten Seiten auf ihrer Homepage.<\/p>\n\n\n\n<p><strong>Haftung:<\/strong><br>Die in www.hak-korneuburg.at ver\u00f6ffentlichten Inhalte sind mit gr\u00f6\u00dfter Sorgfalt recherchiert, die technischen Services bestm\u00f6glich programmiert. Dennoch kann die HAK Korneuburg keine Gew\u00e4hr f\u00fcr die vollst\u00e4ndige Richtigkeit \u00fcbernehmen. Alle Angaben erfolgen ohne Gew\u00e4hr. Eine Haftung f\u00fcr Sch\u00e4den, die sich aus der Verwendung der in www.hak-korneuburg.at&nbsp; ver\u00f6ffentlichten Inhalte oder Services ergeben, ist ausgeschlossen.<\/p>\n\n\n\n<p><strong>Urheberrecht:<\/strong><br>Layout und Gestaltung sowie Logos und Fotos sind urheberrechtlich gesch\u00fctzt. Gleiches gilt f\u00fcr die redaktionellen Beitr\u00e4ge im Einzelnen sowie ihre Auswahl und Zusammenstellung. Ver\u00e4nderungen daran d\u00fcrfen nicht vorgenommen werden. Eine \u00f6ffentliche Verwendung des Angebots darf nur mit unserer Zustimmung erfolgen.<\/p>\n\n\n\n<p><strong>Datenschutz:<\/strong><br>Datenschutz ist uns ein wichtiges Anliegen. Die Datenschutzinformation gem\u00e4\u00df Art. 12ff DSGVO im Rahmen der Schulverwaltung an \u00f6sterreichischen Schulen gem\u00e4\u00df Art. 14 B-VG finden Sie<\/p>\n","protected":false},"excerpt":{"rendered":"<p>Externe Links:Die BHAK Korneuburg hat Links zu anderen Seiten im Internet gelegt. Wir weisen darauf hin, dass die BHAK Korneuburg keinerlei Einfluss auf die Gestaltung und Inhalte der gelinkten Seiten hat. Deshalb distanziert sich die BHAK Korneuburg ausdr\u00fccklich von allen Inhalten der gelinkten Seiten auf ihrer Homepage. Haftung:Die in www.hak-korneuburg.at ver\u00f6ffentlichten Inhalte sind mit gr\u00f6\u00dfter [&hellip;]<\/p>\n","protected":false},"author":1,"featured_media":0,"parent":0,"menu_order":0,"comment_status":"closed","ping_status":"closed","template":"","meta":{"ngg_post_thumbnail":0,"footnotes":""},"_links":{"self":[{"href":"https:\/\/cneumayer.hak-digital.at\/index.php?rest_route=\/wp\/v2\/pages\/176"}],"collection":[{"href":"https:\/\/cneumayer.hak-digital.at\/index.php?rest_route=\/wp\/v2\/pages"}],"about":[{"href":"https:\/\/cneumayer.hak-digital.at\/index.php?rest_route=\/wp\/v2\/types\/page"}],"author":[{"embeddable":true,"href":"https:\/\/cneumayer.hak-digital.at\/index.php?rest_route=\/wp\/v2\/users\/1"}],"replies":[{"embeddable":true,"href":"https:\/\/cneumayer.hak-digital.at\/index.php?rest_route=%2Fwp%2Fv2%2Fcomments&post=176"}],"version-history":[{"count":1,"href":"https:\/\/cneumayer.hak-digital.at\/index.php?rest_route=\/wp\/v2\/pages\/176\/revisions"}],"predecessor-version":[{"id":178,"href":"https:\/\/cneumayer.hak-digital.at\/index.php?rest_route=\/wp\/v2\/pages\/176\/revisions\/178"}],"wp:attachment":[{"href":"https:\/\/cneumayer.hak-digital.at\/index.php?rest_route=%2Fwp%2Fv2%2Fmedia&parent=176"}],"curies":[{"name":"wp","href":"https:\/\/api.w.org\/{rel}","templated":true}]}}